{"id":7,"date":"2023-01-08T11:08:54","date_gmt":"2023-01-08T10:08:54","guid":{"rendered":"http:\/\/hypno-dupre.fr\/?page_id=7"},"modified":"2023-04-03T19:20:52","modified_gmt":"2023-04-03T17:20:52","slug":"accueil","status":"publish","type":"page","link":"https:\/\/hypno-dupre.fr\/","title":{"rendered":"ACCUEIL"},"content":{"rendered":"\n<div class=\"wp-block-media-text alignwide has-media-on-the-right is-stacked-on-mobile\" style=\"grid-template-columns:auto 42%\"><div class=\"wp-block-media-text__content\">\n<p><br>Hypnoth\u00e9rapeute et psychopraticienne, j\u2019ai choisi l\u2019approche existentielle-humaniste qui est un courant de la psychologie fond\u00e9 sur une vision positive de l\u2019\u00eatre humain, sa tendance inn\u00e9e \u00e0 vouloir se r\u00e9aliser et d\u00e9velopper son potentiel.<\/p>\n<\/div><figure class=\"wp-block-media-text__media\"><img loading=\"lazy\" decoding=\"async\" width=\"400\" height=\"400\" src=\"https:\/\/hypno-dupre.fr\/wp-content\/uploads\/2023\/03\/hypno-marion-dupre.jpeg\" alt=\"hypno-marion-dupre\" class=\"wp-image-218 size-full\" srcset=\"https:\/\/hypno-dupre.fr\/wp-content\/uploads\/2023\/03\/hypno-marion-dupre.jpeg 400w, https:\/\/hypno-dupre.fr\/wp-content\/uploads\/2023\/03\/hypno-marion-dupre-300x300.jpeg 300w, https:\/\/hypno-dupre.fr\/wp-content\/uploads\/2023\/03\/hypno-marion-dupre-150x150.jpeg 150w, https:\/\/hypno-dupre.fr\/wp-content\/uploads\/2023\/03\/hypno-marion-dupre-60x60.jpeg 60w\" sizes=\"auto, (max-width: 400px) 100vw, 400px\" \/><\/figure><\/div>\n\n\n\n<hr class=\"wp-block-separator has-alpha-channel-opacity is-style-wide\"\/>\n\n\n\n<div class=\"wp-block-media-text alignwide is-stacked-on-mobile\" style=\"grid-template-columns:35% auto\"><figure class=\"wp-block-media-text__media\"><img loading=\"lazy\" decoding=\"async\" width=\"400\" height=\"267\" src=\"https:\/\/hypno-dupre.fr\/wp-content\/uploads\/2023\/03\/Hypnotherapeuthe-marion-dupre.jpeg\" alt=\"Hypnoth\u00e9rapeuthe Marion Dupr\u00e9\" class=\"wp-image-220 size-full\" srcset=\"https:\/\/hypno-dupre.fr\/wp-content\/uploads\/2023\/03\/Hypnotherapeuthe-marion-dupre.jpeg 400w, https:\/\/hypno-dupre.fr\/wp-content\/uploads\/2023\/03\/Hypnotherapeuthe-marion-dupre-300x200.jpeg 300w, https:\/\/hypno-dupre.fr\/wp-content\/uploads\/2023\/03\/Hypnotherapeuthe-marion-dupre-90x60.jpeg 90w\" sizes=\"auto, (max-width: 400px) 100vw, 400px\" \/><\/figure><div class=\"wp-block-media-text__content\">\n<p><br>Ce mouvement fait partie des quatre grandes \u00e9coles de pens\u00e9e en psychoth\u00e9rapie et il se fonde sur les tendances positives naturelles de l\u2019\u00eatre humain pour relancer les puissantes forces de changement, son autod\u00e9termination et sa capacit\u00e9 \u00e0 faire des choix personnels.<\/p>\n\n\n\n<p>L\u2019approche humaniste s\u2019appuie sur l\u2019empathie et l\u2019engagement du praticien&nbsp;; ici, consulter c\u2019est choisir de faire un premier pas, de se prendre en main pour choisir d\u2019aller enfin mieux, c\u2019est se diriger vers un interlocuteur qui vous \u00e9coute, vous comprend et \u00e9change avec vous.<\/p>\n<\/div><\/div>\n\n\n\n<hr class=\"wp-block-separator has-alpha-channel-opacity is-style-wide\"\/>\n\n\n\n<div class=\"wp-block-media-text alignwide has-media-on-the-right is-stacked-on-mobile\" style=\"grid-template-columns:auto 41%\"><div class=\"wp-block-media-text__content\">\n<p><br>La psychoth\u00e9rapie que j\u2019exerce, se pratique en face \u00e0 face. Il est question de parole, d\u2019\u00e9coute, d\u2019\u00e9change, et de confiance. Bien que l\u2019analyse et la compr\u00e9hension fines de la probl\u00e9matique soient fondamentales, je crois en une th\u00e9rapie br\u00e8ve, orient\u00e9e solution et bas\u00e9e sur les ressources de la personne.&nbsp;<\/p>\n\n\n\n<p>En cela, l\u2019hypnose th\u00e9rapeutique est un outil efficace et puissant. Sans \u00eatre une baguette magique, l\u2019hypnose th\u00e9rapeutique fait ses preuves dans de nombreux cas. L\u2019\u00e9tat d\u2019hypnose, aussi appel\u00e9 \u00e9tat modifi\u00e9 de conscience, est un \u00e9tat particulier o\u00f9 le mental est moins pr\u00e9sent, ce qui permet d\u2019acc\u00e9der \u00e0 des ressources inconscientes pour modifier les comportements, les r\u00e9actions et les pens\u00e9es dont le Consultant souhaite se lib\u00e9rer.<\/p>\n<\/div><figure class=\"wp-block-media-text__media\"><img loading=\"lazy\" decoding=\"async\" width=\"300\" height=\"400\" src=\"https:\/\/hypno-dupre.fr\/wp-content\/uploads\/2023\/03\/hypnose-marion-dupre.jpeg\" alt=\"hypnose marion dupre\" class=\"wp-image-223 size-full\" srcset=\"https:\/\/hypno-dupre.fr\/wp-content\/uploads\/2023\/03\/hypnose-marion-dupre.jpeg 300w, https:\/\/hypno-dupre.fr\/wp-content\/uploads\/2023\/03\/hypnose-marion-dupre-225x300.jpeg 225w, https:\/\/hypno-dupre.fr\/wp-content\/uploads\/2023\/03\/hypnose-marion-dupre-45x60.jpeg 45w\" sizes=\"auto, (max-width: 300px) 100vw, 300px\" \/><\/figure><\/div>\n\n\n\n<hr class=\"wp-block-separator has-alpha-channel-opacity is-style-wide\"\/>\n\n\n\n<p><\/p>\n\n\n\n<p><\/p>\n\n\n\n<div class=\"wp-block-media-text alignwide is-stacked-on-mobile\" style=\"grid-template-columns:37% auto\"><figure class=\"wp-block-media-text__media\"><img loading=\"lazy\" decoding=\"async\" width=\"267\" height=\"400\" src=\"https:\/\/hypno-dupre.fr\/wp-content\/uploads\/2023\/03\/Psychopraticienne-marion-dupre.jpeg\" alt=\"\" class=\"wp-image-225 size-full\" srcset=\"https:\/\/hypno-dupre.fr\/wp-content\/uploads\/2023\/03\/Psychopraticienne-marion-dupre.jpeg 267w, https:\/\/hypno-dupre.fr\/wp-content\/uploads\/2023\/03\/Psychopraticienne-marion-dupre-200x300.jpeg 200w, https:\/\/hypno-dupre.fr\/wp-content\/uploads\/2023\/03\/Psychopraticienne-marion-dupre-40x60.jpeg 40w\" sizes=\"auto, (max-width: 267px) 100vw, 267px\" \/><\/figure><div class=\"wp-block-media-text__content\">\n<p><br>Mon r\u00f4le \u00e0 vos c\u00f4t\u00e9s est de mettre en \u0153uvre les outils qui vont vous permettre de surmonter vos difficult\u00e9s et de vous r\u00e9aliser pleinement.<\/p>\n\n\n\n<p>Je vous accompagne vers vos objectifs et vous soutiens dans votre d\u00e9veloppement tant au niveau physique, \u00e9motionnel que social.<\/p>\n<\/div><\/div>\n\n\n\n<hr class=\"wp-block-separator has-alpha-channel-opacity is-style-wide\"\/>\n\n\n\n<div class=\"wp-block-media-text alignwide has-media-on-the-right is-stacked-on-mobile\" style=\"grid-template-columns:auto 43%\"><div class=\"wp-block-media-text__content\">\n<p><br>Le cabinet est situ\u00e9 dans le centre de Venelles, et vous pourrez vous garer \u00e0 proximit\u00e9 facilement.<\/p>\n\n\n\n<p>Les consultations se font sur rendez-vous et sont personnalis\u00e9es au cas par cas \u00e0 la suite d\u2019un premier entretien.<\/p>\n\n\n\n<p>Lors de la premi\u00e8re s\u00e9ance, vous pourrez exprimer vos attentes, vos besoins et vos objectifs et je vous dirai en quoi je pense pouvoir vous aider et dans quel cadre nous pourrons le faire.<\/p>\n\n\n\n<p>Une s\u00e9ance dure entre 1h et 1h30.<\/p>\n<\/div><figure class=\"wp-block-media-text__media\"><img loading=\"lazy\" decoding=\"async\" width=\"400\" height=\"300\" src=\"https:\/\/hypno-dupre.fr\/wp-content\/uploads\/2023\/03\/cabinet-marion-dupre.jpeg\" alt=\"\" class=\"wp-image-227 size-full\" srcset=\"https:\/\/hypno-dupre.fr\/wp-content\/uploads\/2023\/03\/cabinet-marion-dupre.jpeg 400w, https:\/\/hypno-dupre.fr\/wp-content\/uploads\/2023\/03\/cabinet-marion-dupre-300x225.jpeg 300w, https:\/\/hypno-dupre.fr\/wp-content\/uploads\/2023\/03\/cabinet-marion-dupre-80x60.jpeg 80w\" sizes=\"auto, (max-width: 400px) 100vw, 400px\" \/><\/figure><\/div>\n","protected":false},"excerpt":{"rendered":"<p>Hypnoth\u00e9rapeute et psychopraticienne, j\u2019ai choisi l\u2019approche existentielle-humaniste qui est un courant de la psychologie fond\u00e9 sur une vision positive de l\u2019\u00eatre humain, sa tendance inn\u00e9e \u00e0 vouloir se r\u00e9aliser et d\u00e9velopper son potentiel. Ce mouvement fait partie des quatre grandes \u00e9coles de pens\u00e9e en psychoth\u00e9rapie et il se fonde sur les tendances positives naturelles de &hellip; <\/p>\n","protected":false},"author":1,"featured_media":0,"parent":0,"menu_order":0,"comment_status":"closed","ping_status":"closed","template":"","meta":{"footnotes":""},"class_list":["post-7","page","type-page","status-publish","hentry","grid-sizer"],"_links":{"self":[{"href":"https:\/\/hypno-dupre.fr\/index.php\/wp-json\/wp\/v2\/pages\/7","targetHints":{"allow":["GET"]}}],"collection":[{"href":"https:\/\/hypno-dupre.fr\/index.php\/wp-json\/wp\/v2\/pages"}],"about":[{"href":"https:\/\/hypno-dupre.fr\/index.php\/wp-json\/wp\/v2\/types\/page"}],"author":[{"embeddable":true,"href":"https:\/\/hypno-dupre.fr\/index.php\/wp-json\/wp\/v2\/users\/1"}],"replies":[{"embeddable":true,"href":"https:\/\/hypno-dupre.fr\/index.php\/wp-json\/wp\/v2\/comments?post=7"}],"version-history":[{"count":35,"href":"https:\/\/hypno-dupre.fr\/index.php\/wp-json\/wp\/v2\/pages\/7\/revisions"}],"predecessor-version":[{"id":228,"href":"https:\/\/hypno-dupre.fr\/index.php\/wp-json\/wp\/v2\/pages\/7\/revisions\/228"}],"wp:attachment":[{"href":"https:\/\/hypno-dupre.fr\/index.php\/wp-json\/wp\/v2\/media?parent=7"}],"curies":[{"name":"wp","href":"https:\/\/api.w.org\/{rel}","templated":true}]}}